{"id":685,"date":"2025-09-22T11:46:09","date_gmt":"2025-09-22T09:46:09","guid":{"rendered":"https:\/\/dev.queeneindhoven.nl\/?page_id=685"},"modified":"2025-12-02T05:58:59","modified_gmt":"2025-12-02T04:58:59","slug":"speisekarte","status":"publish","type":"page","link":"https:\/\/www.queeneindhoven.nl\/de\/speisekarte\/","title":{"rendered":"Speisekarte"},"content":{"rendered":"","protected":false},"excerpt":{"rendered":"","protected":false},"author":2,"featured_media":0,"parent":0,"menu_order":30,"comment_status":"closed","ping_status":"closed","template":"","meta":{"_acf_changed":false,"footnotes":""},"class_list":["post-685","page","type-page","status-publish","hentry"],"acf":[],"yoast_head":"<title>Speisekarte Queen Eindhoven | Lunch, Drinks &amp; Dinner<\/title>\n<meta name=\"description\" content=\"Entdecke unsere Speisekarte mit Klassikern, gro\u00dfz\u00fcgigen Portionen und gem\u00fctlicher Atmosph\u00e4re. Von Kaffee bis Dinner \u2013 probiere Queen am Markt.\" \/>\n<meta name=\"robots\" content=\"index, follow, max-snippet:-1, max-image-preview:large, max-video-preview:-1\" \/>\n<link rel=\"canonical\" href=\"https:\/\/www.queeneindhoven.nl\/de\/speisekarte\/\" \/>\n<meta property=\"og:locale\" content=\"de_DE\" \/>\n<meta property=\"og:type\" content=\"article\" \/>\n<meta property=\"og:title\" content=\"Speisekarte Queen Eindhoven | Lunch, Drinks &amp; Dinner\" \/>\n<meta property=\"og:description\" content=\"Entdecke unsere Speisekarte mit Klassikern, gro\u00dfz\u00fcgigen Portionen und gem\u00fctlicher Atmosph\u00e4re. Von Kaffee bis Dinner \u2013 probiere Queen am Markt.\" \/>\n<meta property=\"og:url\" content=\"https:\/\/www.queeneindhoven.nl\/de\/speisekarte\/\" \/>\n<meta property=\"og:site_name\" content=\"Queen Eindhoven\" \/>\n<meta property=\"article:modified_time\" content=\"2025-12-02T04:58:59+00:00\" \/>\n<meta name=\"twitter:card\" content=\"summary_large_image\" \/>\n<script type=\"application\/ld+json\" class=\"yoast-schema-graph\">{\"@context\":\"https:\/\/schema.org\",\"@graph\":[{\"@type\":\"WebPage\",\"@id\":\"https:\/\/www.queeneindhoven.nl\/de\/speisekarte\/\",\"url\":\"https:\/\/www.queeneindhoven.nl\/de\/speisekarte\/\",\"name\":\"Speisekarte Queen Eindhoven | Lunch, Drinks & Dinner\",\"isPartOf\":{\"@id\":\"https:\/\/www.queeneindhoven.nl\/de\/#website\"},\"datePublished\":\"2025-09-22T09:46:09+00:00\",\"dateModified\":\"2025-12-02T04:58:59+00:00\",\"description\":\"Entdecke unsere Speisekarte mit Klassikern, gro\u00dfz\u00fcgigen Portionen und gem\u00fctlicher Atmosph\u00e4re. Von Kaffee bis Dinner \u2013 probiere Queen am Markt.\",\"breadcrumb\":{\"@id\":\"https:\/\/www.queeneindhoven.nl\/de\/speisekarte\/#breadcrumb\"},\"inLanguage\":\"de\",\"potentialAction\":[{\"@type\":\"ReadAction\",\"target\":[\"https:\/\/www.queeneindhoven.nl\/de\/speisekarte\/\"]}]},{\"@type\":\"BreadcrumbList\",\"@id\":\"https:\/\/www.queeneindhoven.nl\/de\/speisekarte\/#breadcrumb\",\"itemListElement\":[{\"@type\":\"ListItem\",\"position\":1,\"name\":\"Home\",\"item\":\"https:\/\/www.queeneindhoven.nl\/de\/\"},{\"@type\":\"ListItem\",\"position\":2,\"name\":\"Speisekarte\"}]},{\"@type\":\"WebSite\",\"@id\":\"https:\/\/www.queeneindhoven.nl\/de\/#website\",\"url\":\"https:\/\/www.queeneindhoven.nl\/de\/\",\"name\":\"Queen Eindhoven\",\"description\":\"\",\"inLanguage\":\"de\"}]}<\/script>","yoast_head_json":{"title":"Speisekarte Queen Eindhoven | Lunch, Drinks & Dinner","description":"Entdecke unsere Speisekarte mit Klassikern, gro\u00dfz\u00fcgigen Portionen und gem\u00fctlicher Atmosph\u00e4re. Von Kaffee bis Dinner \u2013 probiere Queen am Markt.","robots":{"index":"index","follow":"follow","max-snippet":"max-snippet:-1","max-image-preview":"max-image-preview:large","max-video-preview":"max-video-preview:-1"},"canonical":"https:\/\/www.queeneindhoven.nl\/de\/speisekarte\/","og_locale":"de_DE","og_type":"article","og_title":"Speisekarte Queen Eindhoven | Lunch, Drinks & Dinner","og_description":"Entdecke unsere Speisekarte mit Klassikern, gro\u00dfz\u00fcgigen Portionen und gem\u00fctlicher Atmosph\u00e4re. Von Kaffee bis Dinner \u2013 probiere Queen am Markt.","og_url":"https:\/\/www.queeneindhoven.nl\/de\/speisekarte\/","og_site_name":"Queen Eindhoven","article_modified_time":"2025-12-02T04:58:59+00:00","twitter_card":"summary_large_image","schema":{"@context":"https:\/\/schema.org","@graph":[{"@type":"WebPage","@id":"https:\/\/www.queeneindhoven.nl\/de\/speisekarte\/","url":"https:\/\/www.queeneindhoven.nl\/de\/speisekarte\/","name":"Speisekarte Queen Eindhoven | Lunch, Drinks & Dinner","isPartOf":{"@id":"https:\/\/www.queeneindhoven.nl\/de\/#website"},"datePublished":"2025-09-22T09:46:09+00:00","dateModified":"2025-12-02T04:58:59+00:00","description":"Entdecke unsere Speisekarte mit Klassikern, gro\u00dfz\u00fcgigen Portionen und gem\u00fctlicher Atmosph\u00e4re. Von Kaffee bis Dinner \u2013 probiere Queen am Markt.","breadcrumb":{"@id":"https:\/\/www.queeneindhoven.nl\/de\/speisekarte\/#breadcrumb"},"inLanguage":"de","potentialAction":[{"@type":"ReadAction","target":["https:\/\/www.queeneindhoven.nl\/de\/speisekarte\/"]}]},{"@type":"BreadcrumbList","@id":"https:\/\/www.queeneindhoven.nl\/de\/speisekarte\/#breadcrumb","itemListElement":[{"@type":"ListItem","position":1,"name":"Home","item":"https:\/\/www.queeneindhoven.nl\/de\/"},{"@type":"ListItem","position":2,"name":"Speisekarte"}]},{"@type":"WebSite","@id":"https:\/\/www.queeneindhoven.nl\/de\/#website","url":"https:\/\/www.queeneindhoven.nl\/de\/","name":"Queen Eindhoven","description":"","inLanguage":"de"}]}},"_links":{"self":[{"href":"https:\/\/www.queeneindhoven.nl\/de\/wp-json\/wp\/v2\/pages\/685","targetHints":{"allow":["GET"]}}],"collection":[{"href":"https:\/\/www.queeneindhoven.nl\/de\/wp-json\/wp\/v2\/pages"}],"about":[{"href":"https:\/\/www.queeneindhoven.nl\/de\/wp-json\/wp\/v2\/types\/page"}],"author":[{"embeddable":true,"href":"https:\/\/www.queeneindhoven.nl\/de\/wp-json\/wp\/v2\/users\/2"}],"replies":[{"embeddable":true,"href":"https:\/\/www.queeneindhoven.nl\/de\/wp-json\/wp\/v2\/comments?post=685"}],"version-history":[{"count":1,"href":"https:\/\/www.queeneindhoven.nl\/de\/wp-json\/wp\/v2\/pages\/685\/revisions"}],"predecessor-version":[{"id":696,"href":"https:\/\/www.queeneindhoven.nl\/de\/wp-json\/wp\/v2\/pages\/685\/revisions\/696"}],"wp:attachment":[{"href":"https:\/\/www.queeneindhoven.nl\/de\/wp-json\/wp\/v2\/media?parent=685"}],"curies":[{"name":"wp","href":"https:\/\/api.w.org\/{rel}","templated":true}]}}